{"id":201,"date":"2022-05-29T08:59:00","date_gmt":"2022-05-29T08:59:00","guid":{"rendered":"https:\/\/fincabouzas.es\/?page_id=201"},"modified":"2022-06-22T18:56:15","modified_gmt":"2022-06-22T18:56:15","slug":"art-museums","status":"publish","type":"page","link":"https:\/\/fincabouzas.es\/?page_id=201","title":{"rendered":"A menos de 60 minutos en coche"},"content":{"rendered":"<p><span style=\"font-weight: 400;\">R\u00edas Baixas, playas, marisco, Albari\u00f1o, paseos en catamar\u00e1n, islas de ensue\u00f1o (C\u00edes, Ons&#8230;).<\/span><\/p>\n<p><span style=\"font-weight: 400;\">Ciudades como:<\/span><\/p>\n<ul>\n<li style=\"font-weight: 400;\" aria-level=\"1\"><span style=\"font-weight: 400;\">&#8211; Pontevedra con su espectacular casco hist\u00f3rico y la moderna Vigo.<\/span><\/li>\n<li style=\"font-weight: 400;\" aria-level=\"1\"><span style=\"font-weight: 400;\">&#8211; Ourense, la ciudad del agua, cruzada por 8 puentes, con termas al aire libre y el balc\u00f3n natural de los ca\u00f1ones del Sil.<\/span><\/li>\n<li style=\"font-weight: 400;\" aria-level=\"1\"><span style=\"font-weight: 400;\">&#8211; A Coru\u00f1a, hermosa ciudad modernista, que mira al mar con la Torre de H\u00e9rcules como patrimonio de la Humanidad.<\/span><\/li>\n<\/ul>\n<p><span style=\"font-weight: 400;\">Un sin fin de parajes diferentes <\/span><span style=\"font-weight: 400;\">que son la esencia de esta maravillosa tierra y que se hallan muy cerca del epicentro de Galicia donde nos encontramos. \u00a1Los l\u00edmites solo los pon\u00e9is vosotros!&nbsp;<\/span><\/p>\n","protected":false},"excerpt":{"rendered":"<p>R\u00edas Baixas, playas, marisco, Albari\u00f1o, paseos en catamar\u00e1n, islas de ensue\u00f1o (C\u00edes, Ons&#8230;). Ciudades como: &#8211; Pontevedra con su espectacular casco hist\u00f3rico y la moderna Vigo. &#8211; Ourense, la ciudad del agua, cruzada por 8 puentes, con termas al aire libre y el balc\u00f3n natural de los ca\u00f1ones del Sil. &#8211; A Coru\u00f1a, hermosa ciudad [&hellip;]<\/p>\n","protected":false},"author":1,"featured_media":492,"parent":0,"menu_order":3,"comment_status":"open","ping_status":"closed","template":"","meta":{"_monsterinsights_skip_tracking":false,"_monsterinsights_sitenote_active":false,"_monsterinsights_sitenote_note":"","_monsterinsights_sitenote_category":0,"_uf_show_specific_survey":0,"_uf_disable_surveys":false,"footnotes":""},"aioseo_notices":[],"_links":{"self":[{"href":"https:\/\/fincabouzas.es\/index.php?rest_route=\/wp\/v2\/pages\/201"}],"collection":[{"href":"https:\/\/fincabouzas.es\/index.php?rest_route=\/wp\/v2\/pages"}],"about":[{"href":"https:\/\/fincabouzas.es\/index.php?rest_route=\/wp\/v2\/types\/page"}],"author":[{"embeddable":true,"href":"https:\/\/fincabouzas.es\/index.php?rest_route=\/wp\/v2\/users\/1"}],"replies":[{"embeddable":true,"href":"https:\/\/fincabouzas.es\/index.php?rest_route=%2Fwp%2Fv2%2Fcomments&post=201"}],"version-history":[{"count":10,"href":"https:\/\/fincabouzas.es\/index.php?rest_route=\/wp\/v2\/pages\/201\/revisions"}],"predecessor-version":[{"id":584,"href":"https:\/\/fincabouzas.es\/index.php?rest_route=\/wp\/v2\/pages\/201\/revisions\/584"}],"wp:featuredmedia":[{"embeddable":true,"href":"https:\/\/fincabouzas.es\/index.php?rest_route=\/wp\/v2\/media\/492"}],"wp:attachment":[{"href":"https:\/\/fincabouzas.es\/index.php?rest_route=%2Fwp%2Fv2%2Fmedia&parent=201"}],"curies":[{"name":"wp","href":"https:\/\/api.w.org\/{rel}","templated":true}]}}