{"id":202,"date":"2022-05-29T08:53:00","date_gmt":"2022-05-29T08:53:00","guid":{"rendered":"https:\/\/fincabouzas.es\/?page_id=202"},"modified":"2022-06-22T18:55:02","modified_gmt":"2022-06-22T18:55:02","slug":"restaurantes","status":"publish","type":"page","link":"https:\/\/fincabouzas.es\/?page_id=202","title":{"rendered":"A menos de 30 minutos en coche"},"content":{"rendered":"<ul>\n<li><span style=\"font-weight: 400;\">&#8211; Santiago de Compostela,&nbsp;arraigo, peregrinaje, historia, universidad, ocio y restauraci\u00f3n.<\/span><\/li>\n<li><span style=\"font-weight: 400;\">&#8211; Villa de Padr\u00f3n, Camino de Santiago y origen de la leyenda Jacobea, casas Museo de Rosal\u00eda de Castro y Camilo Jos\u00e9 Cela, Jard\u00edn Bot\u00e1nico-Art\u00edstico.<\/span><\/li>\n<li><span style=\"font-weight: 400;\">&#8211; Villa de Cuntis, balneario termal, cascada do Hervedo, Castro de Castroland\u00edn, Monasterio de las madres Benedictinas.<\/span><\/li>\n<li><span style=\"font-weight: 400;\">&#8211; Villa de Caldas de Reis, Camino de Santiago, balneario termal y fuente termal de As Burgas, puente romano del r\u00edo Berma\u00f1a, cascadas Segade.<\/span><\/li>\n<li>&#8211; Otros entornos m\u00e1gicos como la Fervenza do Toxa, el mirador de Gundi\u00e1n, el Pazo de Oca o el Pazo de Li\u00f1ares.<\/li>\n<\/ul>\n","protected":false},"excerpt":{"rendered":"<p>&#8211; Santiago de Compostela,&nbsp;arraigo, peregrinaje, historia, universidad, ocio y restauraci\u00f3n. &#8211; Villa de Padr\u00f3n, Camino de Santiago y origen de la leyenda Jacobea, casas Museo de Rosal\u00eda de Castro y Camilo Jos\u00e9 Cela, Jard\u00edn Bot\u00e1nico-Art\u00edstico. &#8211; Villa de Cuntis, balneario termal, cascada do Hervedo, Castro de Castroland\u00edn, Monasterio de las madres Benedictinas. &#8211; Villa de [&hellip;]<\/p>\n","protected":false},"author":1,"featured_media":491,"parent":0,"menu_order":2,"comment_status":"open","ping_status":"closed","template":"","meta":{"_monsterinsights_skip_tracking":false,"_monsterinsights_sitenote_active":false,"_monsterinsights_sitenote_note":"","_monsterinsights_sitenote_category":0,"_uf_show_specific_survey":0,"_uf_disable_surveys":false,"footnotes":""},"aioseo_notices":[],"_links":{"self":[{"href":"https:\/\/fincabouzas.es\/index.php?rest_route=\/wp\/v2\/pages\/202"}],"collection":[{"href":"https:\/\/fincabouzas.es\/index.php?rest_route=\/wp\/v2\/pages"}],"about":[{"href":"https:\/\/fincabouzas.es\/index.php?rest_route=\/wp\/v2\/types\/page"}],"author":[{"embeddable":true,"href":"https:\/\/fincabouzas.es\/index.php?rest_route=\/wp\/v2\/users\/1"}],"replies":[{"embeddable":true,"href":"https:\/\/fincabouzas.es\/index.php?rest_route=%2Fwp%2Fv2%2Fcomments&post=202"}],"version-history":[{"count":8,"href":"https:\/\/fincabouzas.es\/index.php?rest_route=\/wp\/v2\/pages\/202\/revisions"}],"predecessor-version":[{"id":582,"href":"https:\/\/fincabouzas.es\/index.php?rest_route=\/wp\/v2\/pages\/202\/revisions\/582"}],"wp:featuredmedia":[{"embeddable":true,"href":"https:\/\/fincabouzas.es\/index.php?rest_route=\/wp\/v2\/media\/491"}],"wp:attachment":[{"href":"https:\/\/fincabouzas.es\/index.php?rest_route=%2Fwp%2Fv2%2Fmedia&parent=202"}],"curies":[{"name":"wp","href":"https:\/\/api.w.org\/{rel}","templated":true}]}}