{"id":465,"date":"2022-05-29T15:01:30","date_gmt":"2022-05-29T15:01:30","guid":{"rendered":"https:\/\/fincabouzas.es\/?page_id=465"},"modified":"2022-05-29T15:01:45","modified_gmt":"2022-05-29T15:01:45","slug":"informacion-legal","status":"publish","type":"page","link":"https:\/\/fincabouzas.es\/?page_id=465","title":{"rendered":"Informaci\u00f3n Legal"},"content":{"rendered":"\n<p>Informaci\u00f3n legal &#8211; persona f\u00edsica<\/p>\n\n\n\n<p>El sitio web\u00a0www.fincabouzas.es\u00a0es editado por:\u00a0Sara Rodriguez Mosquera\u00a0.<br>Direcci\u00f3n:\u00a0Carretera AC-242, 55   15883, Puentevea, La Coru\u00f1a<br>Correo electr\u00f3nico: fincabouzas@gmail.com<br>Tel\u00e9fono:\u00a0+34 TBD.<br>El director de la publicaci\u00f3n es la Sra.\/Sr. Sara Rodriguez Mosquera,\u00a0Carretera AC-242, 55   15883, Puentevea, La Coru\u00f1a, email:\u00a0 fincabouzas@gmail.com, tel\u00e9fono: span class=&#8217;phone-number-to-fill dot-blank&#8217;>+34 TBD. El sitio\u00a0www.fincabouzas.es est\u00e1 alojado por la empresa Hostinger.es <\/p>\n\n\n\n<h2 class=\"wp-block-heading\">Pol\u00edtica de privacidad &amp; Pol\u00edtica de uso de cookies<\/h2>\n\n\n\n<p>La presente pol\u00edtica de privacidad (en adelante, la \u00abPol\u00edtica\u00bb) tiene por objeto explicarle las normas que regulan las diferentes operaciones de tratamiento que se pueden llevar a cabo cuando usted utiliza nuestro sitio web accesible desde la direcci\u00f3n URL:span class=&#8217;url-to-fill dot-blank&#8217;>www.fincabuzas.es\u00a0(en adelante, el\u00a0<strong>\u00abSitio\u00bb<\/strong>).<\/p>\n\n\n\n<p>El tratamiento de los datos personales implementados desde el Sitio es responsabilidad de dos controladores corresponsables.<br>Los responsables del tratamiento de sus datos personales son:<\/p>\n\n\n\n<p>Sara Rodriguez Mosquera<\/p>\n","protected":false},"excerpt":{"rendered":"<p>Informaci\u00f3n legal &#8211; persona f\u00edsica El sitio web\u00a0www.fincabouzas.es\u00a0es editado por:\u00a0Sara Rodriguez Mosquera\u00a0.Direcci\u00f3n:\u00a0Carretera AC-242, 55 15883, Puentevea, La Coru\u00f1aCorreo electr\u00f3nico: fincabouzas@gmail.comTel\u00e9fono:\u00a0+34 TBD.El director de la publicaci\u00f3n es la Sra.\/Sr. Sara Rodriguez Mosquera,\u00a0Carretera AC-242, 55 15883, Puentevea, La Coru\u00f1a, email:\u00a0 fincabouzas@gmail.com, tel\u00e9fono: span class=&#8217;phone-number-to-fill dot-blank&#8217;>+34 TBD. El sitio\u00a0www.fincabouzas.es est\u00e1 alojado por la empresa Hostinger.es Pol\u00edtica de privacidad [&hellip;]<\/p>\n","protected":false},"author":1,"featured_media":0,"parent":0,"menu_order":0,"comment_status":"closed","ping_status":"closed","template":"","meta":{"_monsterinsights_skip_tracking":false,"_monsterinsights_sitenote_active":false,"_monsterinsights_sitenote_note":"","_monsterinsights_sitenote_category":0,"_uf_show_specific_survey":0,"_uf_disable_surveys":false,"footnotes":""},"aioseo_notices":[],"_links":{"self":[{"href":"https:\/\/fincabouzas.es\/index.php?rest_route=\/wp\/v2\/pages\/465"}],"collection":[{"href":"https:\/\/fincabouzas.es\/index.php?rest_route=\/wp\/v2\/pages"}],"about":[{"href":"https:\/\/fincabouzas.es\/index.php?rest_route=\/wp\/v2\/types\/page"}],"author":[{"embeddable":true,"href":"https:\/\/fincabouzas.es\/index.php?rest_route=\/wp\/v2\/users\/1"}],"replies":[{"embeddable":true,"href":"https:\/\/fincabouzas.es\/index.php?rest_route=%2Fwp%2Fv2%2Fcomments&post=465"}],"version-history":[{"count":3,"href":"https:\/\/fincabouzas.es\/index.php?rest_route=\/wp\/v2\/pages\/465\/revisions"}],"predecessor-version":[{"id":470,"href":"https:\/\/fincabouzas.es\/index.php?rest_route=\/wp\/v2\/pages\/465\/revisions\/470"}],"wp:attachment":[{"href":"https:\/\/fincabouzas.es\/index.php?rest_route=%2Fwp%2Fv2%2Fmedia&parent=465"}],"curies":[{"name":"wp","href":"https:\/\/api.w.org\/{rel}","templated":true}]}}